{"id":9031,"date":"2025-08-14T19:09:52","date_gmt":"2025-08-14T17:09:52","guid":{"rendered":"https:\/\/velaw.parashuta.com\/note-legali\/"},"modified":"2025-09-01T09:33:03","modified_gmt":"2025-09-01T07:33:03","slug":"note-legali","status":"publish","type":"page","link":"https:\/\/www.velaw.ch\/it\/note-legali\/","title":{"rendered":"Note legali"},"content":{"rendered":"\t\t<div data-elementor-type=\"wp-page\" data-elementor-id=\"9031\" class=\"elementor elementor-9031 elementor-7811\" data-elementor-post-type=\"page\">\n\t\t\t\t<div class=\"elementor-element elementor-element-833147e section-s e-flex e-con-boxed e-con e-parent\" data-id=\"833147e\" data-element_type=\"container\" data-e-type=\"container\" data-settings=\"{&quot;jet_parallax_layout_list&quot;:[],&quot;background_background&quot;:&quot;gradient&quot;}\">\n\t\t\t\t\t<div class=\"e-con-inner\">\n\t\t\t\t<div class=\"elementor-element elementor-element-642565e elementor-widget elementor-widget-spacer\" data-id=\"642565e\" data-element_type=\"widget\" data-e-type=\"widget\" data-widget_type=\"spacer.default\">\n\t\t\t\t<div class=\"elementor-widget-container\">\n\t\t\t\t\t\t\t<div class=\"elementor-spacer\">\n\t\t\t<div class=\"elementor-spacer-inner\"><\/div>\n\t\t<\/div>\n\t\t\t\t\t\t<\/div>\n\t\t\t\t<\/div>\n\t\t<div class=\"elementor-element elementor-element-d7194ba e-con-full e-flex e-con e-child\" data-id=\"d7194ba\" data-element_type=\"container\" data-e-type=\"container\" data-settings=\"{&quot;jet_parallax_layout_list&quot;:[]}\">\n\t\t\t\t<div class=\"elementor-element elementor-element-63d027e elementor-widget elementor-widget-heading\" data-id=\"63d027e\" data-element_type=\"widget\" data-e-type=\"widget\" data-widget_type=\"heading.default\">\n\t\t\t\t<div class=\"elementor-widget-container\">\n\t\t\t\t\t<h2 class=\"elementor-heading-title elementor-size-default\"><a href=\"https:\/\/www.velaw.ch\/it\/\">Home<\/a><\/h2>\t\t\t\t<\/div>\n\t\t\t\t<\/div>\n\t\t\t\t<div class=\"elementor-element elementor-element-779d294 elementor-view-default elementor-widget elementor-widget-icon\" data-id=\"779d294\" data-element_type=\"widget\" data-e-type=\"widget\" data-widget_type=\"icon.default\">\n\t\t\t\t<div class=\"elementor-widget-container\">\n\t\t\t\t\t\t\t<div class=\"elementor-icon-wrapper\">\n\t\t\t<div class=\"elementor-icon\">\n\t\t\t<i aria-hidden=\"true\" class=\"material-icons md-keyboard_arrow_right\"><\/i>\t\t\t<\/div>\n\t\t<\/div>\n\t\t\t\t\t\t<\/div>\n\t\t\t\t<\/div>\n\t\t\t\t<div class=\"elementor-element elementor-element-b3926b0 elementor-widget elementor-widget-heading\" data-id=\"b3926b0\" data-element_type=\"widget\" data-e-type=\"widget\" data-widget_type=\"heading.default\">\n\t\t\t\t<div class=\"elementor-widget-container\">\n\t\t\t\t\t<h2 class=\"elementor-heading-title elementor-size-default\"><a href=\"https:\/\/www.velaw.ch\/it\/note-legali\/\">Note legali<\/a><\/h2>\t\t\t\t<\/div>\n\t\t\t\t<\/div>\n\t\t\t\t<\/div>\n\t\t\t\t<div class=\"elementor-element elementor-element-ec8e965 elementor-widget__width-inherit elementor-widget-tablet__width-inherit elementor-widget-laptop__width-inherit elementor-widget elementor-widget-icon-box\" data-id=\"ec8e965\" data-element_type=\"widget\" data-e-type=\"widget\" data-widget_type=\"icon-box.default\">\n\t\t\t\t<div class=\"elementor-widget-container\">\n\t\t\t\t\t\t\t<div class=\"elementor-icon-box-wrapper\">\n\n\t\t\t\n\t\t\t\t\t\t<div class=\"elementor-icon-box-content\">\n\n\t\t\t\t\t\t\t\t\t<h3 class=\"elementor-icon-box-title\">\n\t\t\t\t\t\t<span  >\n\t\t\t\t\t\t\tNote legali\t\t\t\t\t\t<\/span>\n\t\t\t\t\t<\/h3>\n\t\t\t\t\n\t\t\t\t\t\t\t\t\t<p class=\"elementor-icon-box-description\">\n\t\t\t\t\t\t(Aggiornato a: settembre 2025)\t\t\t\t\t<\/p>\n\t\t\t\t\n\t\t\t<\/div>\n\t\t\t\n\t\t<\/div>\n\t\t\t\t\t\t<\/div>\n\t\t\t\t<\/div>\n\t\t\t\t\t<\/div>\n\t\t\t\t<\/div>\n\t\t<div class=\"elementor-element elementor-element-104dff5 section-xxs e-flex e-con-boxed e-con e-parent\" data-id=\"104dff5\" data-element_type=\"container\" data-e-type=\"container\" data-settings=\"{&quot;jet_parallax_layout_list&quot;:[]}\">\n\t\t\t\t\t<div class=\"e-con-inner\">\n\t\t<div class=\"elementor-element elementor-element-008a6b1 e-con-full e-flex e-con e-child\" data-id=\"008a6b1\" data-element_type=\"container\" data-e-type=\"container\" data-settings=\"{&quot;jet_parallax_layout_list&quot;:[]}\">\n\t\t\t\t<div class=\"elementor-element elementor-element-dfbb64e elementor-widget elementor-widget-text-editor\" data-id=\"dfbb64e\" data-element_type=\"widget\" data-e-type=\"widget\" data-widget_type=\"text-editor.default\">\n\t\t\t\t<div class=\"elementor-widget-container\">\n\t\t\t\t\t\t\t\t\t<h4>Responsabile del contenuto<\/h4><p><strong>Velaw SA<\/strong><br>Fraum\u00fcnsterstrasse 15<br>8001 Zurigo<br>Svizzera<\/p><p>Telefono: <a href=\"tel:+41442812000\">+41 44 281 20 00<\/a><br>E-mail: <a href=\"mailto:info@velaw.ch\">info@velaw.ch<\/a><br>Web: <a href=\"http:\/\/www.velaw.ch\">www.velaw.ch<\/a><\/p><p>Registro di commercio: Cantone di Zurigo<br>UID: CH-216.816.474<\/p>\t\t\t\t\t\t\t\t<\/div>\n\t\t\t\t<\/div>\n\t\t\t\t<div class=\"elementor-element elementor-element-f4552bf elementor-widget elementor-widget-text-editor\" data-id=\"f4552bf\" data-element_type=\"widget\" data-e-type=\"widget\" data-widget_type=\"text-editor.default\">\n\t\t\t\t<div class=\"elementor-widget-container\">\n\t\t\t\t\t\t\t\t\t<h4>Note legali<\/h4><p>Le presenti condizioni d&#8217;uso del sito web (\u201cCondizioni\u201d) stabiliscono le condizioni alle quali \u00e8 consentito utilizzare il sito web www.velaw.ch (\u201csito web\u201d) di Velaw SA (\u201cVelaw\u201d). Utilizzando il sito web, l&#8217;utente accetta le presenti Condizioni. Se non si \u00e8 d&#8217;accordo, si prega di interrompere immediatamente l&#8217;utilizzo del sito web.  <\/p>\t\t\t\t\t\t\t\t<\/div>\n\t\t\t\t<\/div>\n\t\t\t\t<div class=\"elementor-element elementor-element-0805de6 elementor-widget elementor-widget-text-editor\" data-id=\"0805de6\" data-element_type=\"widget\" data-e-type=\"widget\" data-widget_type=\"text-editor.default\">\n\t\t\t\t<div class=\"elementor-widget-container\">\n\t\t\t\t\t\t\t\t\t<h4>Accesso al sito web<\/h4><p>L&#8217;accesso a questo sito web \u00e8 gratuito e senza pretesa di disponibilit\u00e0. Ci riserviamo il diritto di modificare, interrompere o sospendere il sito web in qualsiasi momento, in tutto o in parte. \u00c8 esclusa qualsiasi responsabilit\u00e0 derivante da ci\u00f2.  <\/p>\t\t\t\t\t\t\t\t<\/div>\n\t\t\t\t<\/div>\n\t\t\t\t<div class=\"elementor-element elementor-element-0ba32ea elementor-widget elementor-widget-text-editor\" data-id=\"0ba32ea\" data-element_type=\"widget\" data-e-type=\"widget\" data-widget_type=\"text-editor.default\">\n\t\t\t\t<div class=\"elementor-widget-container\">\n\t\t\t\t\t\t\t\t\t<h4>Propriet\u00e0 intellettuale<\/h4><p>Il sito web \u00e8 di propriet\u00e0 di Velaw e tutti i contenuti di questo sito web sono protetti da copyright e sono di propriet\u00e0 di Velaw, salvo diversa indicazione esplicita. L&#8217;utilizzo dei contenuti o di parti di essi \u00e8 consentito solo con l&#8217;autorizzazione scritta di Velaw. <\/p>\t\t\t\t\t\t\t\t<\/div>\n\t\t\t\t<\/div>\n\t\t\t\t<div class=\"elementor-element elementor-element-9ea986b elementor-widget elementor-widget-text-editor\" data-id=\"9ea986b\" data-element_type=\"widget\" data-e-type=\"widget\" data-widget_type=\"text-editor.default\">\n\t\t\t\t<div class=\"elementor-widget-container\">\n\t\t\t\t\t\t\t\t\t<h4>Link a terzi<\/h4><p>Questo sito web contiene collegamenti a siti web esterni. Non ci assumiamo alcuna responsabilit\u00e0 per i loro contenuti e non effettuiamo alcuna verifica dei contenuti. Il collegamento non implica l&#8217;approvazione dei contenuti delle pagine collegate.  <\/p>\t\t\t\t\t\t\t\t<\/div>\n\t\t\t\t<\/div>\n\t\t\t\t<div class=\"elementor-element elementor-element-7439e00 elementor-widget elementor-widget-text-editor\" data-id=\"7439e00\" data-element_type=\"widget\" data-e-type=\"widget\" data-widget_type=\"text-editor.default\">\n\t\t\t\t<div class=\"elementor-widget-container\">\n\t\t\t\t\t\t\t\t\t<h4>Esclusione di responsabilit\u00e0<\/h4><p>I contenuti di questo sito web sono esclusivamente a scopo informativo generale e non costituiscono consulenza o offerta. Non garantiamo l&#8217;accuratezza, la completezza o l&#8217;attualit\u00e0 dei contenuti. L&#8217;utilizzo avviene a proprio rischio.  <\/p><p>Velaw non \u00e8 responsabile per danni o perdite derivanti dall&#8217;utilizzo o dall&#8217;indisponibilit\u00e0, da software dannosi (ad es. virus, malware), da cause tecniche esterne (ad es. interruzioni di rete, forza maggiore) o da manipolazioni non autorizzate del sistema informatico dell&#8217;utente. Per minimizzare i rischi come infezioni da virus o attacchi hacker, si raccomanda l&#8217;uso di versioni aggiornate del browser e di software antivirus costantemente aggiornato. <\/p>\t\t\t\t\t\t\t\t<\/div>\n\t\t\t\t<\/div>\n\t\t\t\t<div class=\"elementor-element elementor-element-1c23300 elementor-widget elementor-widget-text-editor\" data-id=\"1c23300\" data-element_type=\"widget\" data-e-type=\"widget\" data-widget_type=\"text-editor.default\">\n\t\t\t\t<div class=\"elementor-widget-container\">\n\t\t\t\t\t\t\t\t\t<h4>Privacy e cookie<\/h4>\nSi prega di consultare la nostra informativa sulla privacy, pubblicata <a href=\"https:\/\/www.velaw.ch\/datenschutzerklaerung\/\" target=\"_blank\" rel=\"noopener noreferrer\">qui<\/a>.\t\t\t\t\t\t\t\t<\/div>\n\t\t\t\t<\/div>\n\t\t\t\t<div class=\"elementor-element elementor-element-184651b elementor-widget elementor-widget-text-editor\" data-id=\"184651b\" data-element_type=\"widget\" data-e-type=\"widget\" data-widget_type=\"text-editor.default\">\n\t\t\t\t<div class=\"elementor-widget-container\">\n\t\t\t\t\t\t\t\t\t<h4>Diritto applicabile e foro competente<\/h4><p>Le presenti condizioni sono soggette al diritto svizzero, con esclusione degli accordi internazionali. Foro competente esclusivo \u00e8 Zurigo. <\/p>\t\t\t\t\t\t\t\t<\/div>\n\t\t\t\t<\/div>\n\t\t\t\t<\/div>\n\t\t\t\t\t<\/div>\n\t\t\t\t<\/div>\n\t\t\t\t<\/div>\n\t\t","protected":false},"excerpt":{"rendered":"<p>Home (Aggiornato a: settembre 2025) Responsabile del contenuto Velaw SAFraum\u00fcnsterstrasse 158001 ZurigoSvizzera Telefono: +41 44 281 20 00E-mail: info@velaw.chWeb: www.velaw.ch Registro di commercio: Cantone di ZurigoUID: CH-216.816.474 Note legali Le presenti condizioni d&#8217;uso del sito web (\u201cCondizioni\u201d) stabiliscono le condizioni alle quali \u00e8 consentito utilizzare il sito web www.velaw.ch (\u201csito web\u201d) di Velaw SA (\u201cVelaw\u201d). [&hellip;]<\/p>\n","protected":false},"author":1,"featured_media":0,"parent":0,"menu_order":0,"comment_status":"closed","ping_status":"closed","template":"elementor_theme","meta":{"_angie_page":false,"footnotes":""},"class_list":["post-9031","page","type-page","status-publish","hentry"],"_links":{"self":[{"href":"https:\/\/www.velaw.ch\/it\/wp-json\/wp\/v2\/pages\/9031","targetHints":{"allow":["GET"]}}],"collection":[{"href":"https:\/\/www.velaw.ch\/it\/wp-json\/wp\/v2\/pages"}],"about":[{"href":"https:\/\/www.velaw.ch\/it\/wp-json\/wp\/v2\/types\/page"}],"author":[{"embeddable":true,"href":"https:\/\/www.velaw.ch\/it\/wp-json\/wp\/v2\/users\/1"}],"replies":[{"embeddable":true,"href":"https:\/\/www.velaw.ch\/it\/wp-json\/wp\/v2\/comments?post=9031"}],"version-history":[{"count":0,"href":"https:\/\/www.velaw.ch\/it\/wp-json\/wp\/v2\/pages\/9031\/revisions"}],"wp:attachment":[{"href":"https:\/\/www.velaw.ch\/it\/wp-json\/wp\/v2\/media?parent=9031"}],"curies":[{"name":"wp","href":"https:\/\/api.w.org\/{rel}","templated":true}]}}